{"id":1739,"date":"2020-04-10T14:25:02","date_gmt":"2020-04-10T14:25:02","guid":{"rendered":"http:\/\/bizix.premiumthemes.in\/?page_id=1739"},"modified":"2024-01-30T05:58:54","modified_gmt":"2024-01-30T05:58:54","slug":"referenzen","status":"publish","type":"page","link":"https:\/\/halbrundtest.halbrund.ch\/index.php\/referenzen\/","title":{"rendered":"Referenzen"},"content":{"rendered":"\t\t<div data-elementor-type=\"wp-page\" data-elementor-id=\"1739\" class=\"elementor elementor-1739\">\n\t\t\t\t\t\t\t\t\t<section class=\"elementor-section elementor-top-section elementor-element elementor-element-5b03fb72 elementor-section-stretched elementor-section-boxed elementor-section-height-default elementor-section-height-default\" data-id=\"5b03fb72\" data-element_type=\"section\" data-settings=\"{&quot;stretch_section&quot;:&quot;section-stretched&quot;,&quot;background_background&quot;:&quot;classic&quot;}\">\n\t\t\t\t\t\t<div class=\"elementor-container elementor-column-gap-no\">\n\t\t\t\t\t<div class=\"elementor-column elementor-col-100 elementor-top-column elementor-element elementor-element-471abf01\" data-id=\"471abf01\" data-element_type=\"column\">\n\t\t\t<div class=\"elementor-widget-wrap elementor-element-populated\">\n\t\t\t\t\t\t\t\t<div class=\"elementor-element elementor-element-31f63980 elementor-widget elementor-widget-spacer\" data-id=\"31f63980\" data-element_type=\"widget\" data-widget_type=\"spacer.default\">\n\t\t\t\t<div class=\"elementor-widget-container\">\n\t\t\t<style>\/*! elementor - v3.12.2 - 23-04-2023 *\/\n.elementor-column .elementor-spacer-inner{height:var(--spacer-size)}.e-con{--container-widget-width:100%}.e-con-inner>.elementor-widget-spacer,.e-con>.elementor-widget-spacer{width:var(--container-widget-width,var(--spacer-size));--align-self:var(--container-widget-align-self,initial);--flex-shrink:0}.e-con-inner>.elementor-widget-spacer>.elementor-widget-container,.e-con-inner>.elementor-widget-spacer>.elementor-widget-container>.elementor-spacer,.e-con>.elementor-widget-spacer>.elementor-widget-container,.e-con>.elementor-widget-spacer>.elementor-widget-container>.elementor-spacer{height:100%}.e-con-inner>.elementor-widget-spacer>.elementor-widget-container>.elementor-spacer>.elementor-spacer-inner,.e-con>.elementor-widget-spacer>.elementor-widget-container>.elementor-spacer>.elementor-spacer-inner{height:var(--container-widget-height,var(--spacer-size))}<\/style>\t\t<div class=\"elementor-spacer\">\n\t\t\t<div class=\"elementor-spacer-inner\"><\/div>\n\t\t<\/div>\n\t\t\t\t<\/div>\n\t\t\t\t<\/div>\n\t\t\t\t\t<\/div>\n\t\t<\/div>\n\t\t\t\t\t\t\t<\/div>\n\t\t<\/section>\n\t\t\t\t<section class=\"elementor-section elementor-top-section elementor-element elementor-element-7bbd9ae4 elementor-section-boxed elementor-section-height-default elementor-section-height-default\" data-id=\"7bbd9ae4\" data-element_type=\"section\">\n\t\t\t\t\t\t<div class=\"elementor-container elementor-column-gap-default\">\n\t\t\t\t\t<div class=\"elementor-column elementor-col-100 elementor-top-column elementor-element elementor-element-729f8092\" data-id=\"729f8092\" data-element_type=\"column\">\n\t\t\t<div class=\"elementor-widget-wrap elementor-element-populated\">\n\t\t\t\t\t\t\t\t<div class=\"elementor-element elementor-element-2f933072 elementor-grid-2 elementor-grid-tablet-2 elementor-grid-mobile-1 elementor-widget elementor-widget-gyan_portfolio\" data-id=\"2f933072\" data-element_type=\"widget\" data-settings=\"{&quot;columns&quot;:&quot;2&quot;,&quot;columns_tablet&quot;:&quot;2&quot;,&quot;columns_mobile&quot;:&quot;1&quot;}\" data-widget_type=\"gyan_portfolio.default\">\n\t\t\t\t<div class=\"elementor-widget-container\">\n\t\t\t        <div class=\"gyan-portfolio gyan-portfolio-2f933072\"\n        data-layout=\"grid\" data-rtl=\"false\">\n\n            \n            <div class=\"gyan-portfolio-grid gyan-elementor-grid gyan-pf-style-3 gyan-pf-overlay-scale gyan-pf-content-center\" >\n                                    <div class=\"gyan-portfolio-item gyan-grid-item-wrap cat-23\">\n                            <div class=\"gyan-portfolio-item-inner gyan-grid-item\">\n                                <div class=\"gyan-portfolio-img-holder\">\n    <img decoding=\"async\" src=\"https:\/\/halbrundtest.halbrund.ch\/wp-content\/uploads\/2023\/05\/rhu-850x580.jpg\" alt=\"\" \/>\n        <div class=\"gyan-portfolio-overlay gyan-overlay gyan-flex\">\n\n            \n                <div class=\"gyan-portfolio-hover-icons gyan-flex gyan-ease-transition\"><a href=\"https:\/\/halbrundtest.halbrund.ch\/index.php\/portfolio-item\/huesser-architektur\/\" class=\"gyan-portfolio-link-icon gyan-ease-transition gyan-flex\"><span class=\"gyan-icon\"><svg aria-hidden=\"true\" class=\"e-font-icon-svg e-fas-share\" viewBox=\"0 0 512 512\" xmlns=\"http:\/\/www.w3.org\/2000\/svg\"><path d=\"M503.691 189.836L327.687 37.851C312.281 24.546 288 35.347 288 56.015v80.053C127.371 137.907 0 170.1 0 322.326c0 61.441 39.581 122.309 83.333 154.132 13.653 9.931 33.111-2.533 28.077-18.631C66.066 312.814 132.917 274.316 288 272.085V360c0 20.7 24.3 31.453 39.687 18.164l176.004-152c11.071-9.562 11.086-26.753 0-36.328z\"><\/path><\/svg><\/span><\/a><\/div>\n\n            \n\n        <\/div>\n\n     \n<\/div>\n<div class=\"clear\"><\/div>\n\n\n<div class=\"gyan-portfolio-all-content gyan-ease-transition\">\n\n        <div class=\"gyan-portfolio-content gyan-ease-transition\">\n\n                             <div class=\"gyan-portfolio-title\">\n                    <h6  class=\"gyan-portfolio-title-tag\">\n                                            <a href=\"https:\/\/halbrundtest.halbrund.ch\/index.php\/portfolio-item\/huesser-architektur\/\" class=\"gyan-portfolio-title-link\">\n                    \n                    H\u00fcsser Architektur\n                                            <\/a>\n                                        <\/h6>\n                <\/div>\n            \n            \n                             <div class=\"gyan-portfolio-excerpt\">Frick<\/div>\n            \n        <\/div>\n<\/div>\n\n                            <\/div>\n                        <\/div>\n                                                    <div class=\"gyan-portfolio-item gyan-grid-item-wrap cat-23\">\n                            <div class=\"gyan-portfolio-item-inner gyan-grid-item\">\n                                <div class=\"gyan-portfolio-img-holder\">\n    <img decoding=\"async\" src=\"https:\/\/halbrundtest.halbrund.ch\/wp-content\/uploads\/2023\/05\/IMG_7122-1024x768-1-850x580.jpg\" alt=\"\" \/>\n        <div class=\"gyan-portfolio-overlay gyan-overlay gyan-flex\">\n\n            \n                <div class=\"gyan-portfolio-hover-icons gyan-flex gyan-ease-transition\"><a href=\"https:\/\/halbrundtest.halbrund.ch\/index.php\/portfolio-item\/faessler-architektur-gmbh\/\" class=\"gyan-portfolio-link-icon gyan-ease-transition gyan-flex\"><span class=\"gyan-icon\"><svg aria-hidden=\"true\" class=\"e-font-icon-svg e-fas-share\" viewBox=\"0 0 512 512\" xmlns=\"http:\/\/www.w3.org\/2000\/svg\"><path d=\"M503.691 189.836L327.687 37.851C312.281 24.546 288 35.347 288 56.015v80.053C127.371 137.907 0 170.1 0 322.326c0 61.441 39.581 122.309 83.333 154.132 13.653 9.931 33.111-2.533 28.077-18.631C66.066 312.814 132.917 274.316 288 272.085V360c0 20.7 24.3 31.453 39.687 18.164l176.004-152c11.071-9.562 11.086-26.753 0-36.328z\"><\/path><\/svg><\/span><\/a><\/div>\n\n            \n\n        <\/div>\n\n     \n<\/div>\n<div class=\"clear\"><\/div>\n\n\n<div class=\"gyan-portfolio-all-content gyan-ease-transition\">\n\n        <div class=\"gyan-portfolio-content gyan-ease-transition\">\n\n                             <div class=\"gyan-portfolio-title\">\n                    <h6  class=\"gyan-portfolio-title-tag\">\n                                            <a href=\"https:\/\/halbrundtest.halbrund.ch\/index.php\/portfolio-item\/faessler-architektur-gmbh\/\" class=\"gyan-portfolio-title-link\">\n                    \n                    F\u00e4ssler Architektur GmbH\n                                            <\/a>\n                                        <\/h6>\n                <\/div>\n            \n            \n                             <div class=\"gyan-portfolio-excerpt\">Basel<\/div>\n            \n        <\/div>\n<\/div>\n\n                            <\/div>\n                        <\/div>\n                                                    <div class=\"gyan-portfolio-item gyan-grid-item-wrap cat-23\">\n                            <div class=\"gyan-portfolio-item-inner gyan-grid-item\">\n                                <div class=\"gyan-portfolio-img-holder\">\n    <img decoding=\"async\" src=\"https:\/\/halbrundtest.halbrund.ch\/wp-content\/uploads\/2023\/05\/rehukai4_160-1024x768-1-850x580.jpg\" alt=\"\" \/>\n        <div class=\"gyan-portfolio-overlay gyan-overlay gyan-flex\">\n\n            \n                <div class=\"gyan-portfolio-hover-icons gyan-flex gyan-ease-transition\"><a href=\"https:\/\/halbrundtest.halbrund.ch\/index.php\/portfolio-item\/architekturbuero-ritter-kaiser-ag\/\" class=\"gyan-portfolio-link-icon gyan-ease-transition gyan-flex\"><span class=\"gyan-icon\"><svg aria-hidden=\"true\" class=\"e-font-icon-svg e-fas-share\" viewBox=\"0 0 512 512\" xmlns=\"http:\/\/www.w3.org\/2000\/svg\"><path d=\"M503.691 189.836L327.687 37.851C312.281 24.546 288 35.347 288 56.015v80.053C127.371 137.907 0 170.1 0 322.326c0 61.441 39.581 122.309 83.333 154.132 13.653 9.931 33.111-2.533 28.077-18.631C66.066 312.814 132.917 274.316 288 272.085V360c0 20.7 24.3 31.453 39.687 18.164l176.004-152c11.071-9.562 11.086-26.753 0-36.328z\"><\/path><\/svg><\/span><\/a><\/div>\n\n            \n\n        <\/div>\n\n     \n<\/div>\n<div class=\"clear\"><\/div>\n\n\n<div class=\"gyan-portfolio-all-content gyan-ease-transition\">\n\n        <div class=\"gyan-portfolio-content gyan-ease-transition\">\n\n                             <div class=\"gyan-portfolio-title\">\n                    <h6  class=\"gyan-portfolio-title-tag\">\n                                            <a href=\"https:\/\/halbrundtest.halbrund.ch\/index.php\/portfolio-item\/architekturbuero-ritter-kaiser-ag\/\" class=\"gyan-portfolio-title-link\">\n                    \n                    Architekturb\u00fcro Ritter + Kaiser AG\n                                            <\/a>\n                                        <\/h6>\n                <\/div>\n            \n            \n                             <div class=\"gyan-portfolio-excerpt\">Magden<\/div>\n            \n        <\/div>\n<\/div>\n\n                            <\/div>\n                        <\/div>\n                                        <\/div><div class=\"clear\"><\/div>\n        <\/div>\n\n         \n        \t\t<\/div>\n\t\t\t\t<\/div>\n\t\t\t\t\t<\/div>\n\t\t<\/div>\n\t\t\t\t\t\t\t<\/div>\n\t\t<\/section>\n\t\t\t\t\t\t\t<\/div>\n\t\t","protected":false},"excerpt":{"rendered":"<p>ArchiTeam Design AG Liestal H\u00fcsser Architektur Frick F\u00e4ssler Architektur GmbH Basel Architekturb\u00fcro Ritter + Kaiser AG Magden<\/p>\n","protected":false},"author":1,"featured_media":0,"parent":0,"menu_order":0,"comment_status":"closed","ping_status":"closed","template":"elementor_header_footer","meta":{"footnotes":""},"class_list":["post-1739","page","type-page","status-publish","hentry"],"_links":{"self":[{"href":"https:\/\/halbrundtest.halbrund.ch\/index.php\/wp-json\/wp\/v2\/pages\/1739","targetHints":{"allow":["GET"]}}],"collection":[{"href":"https:\/\/halbrundtest.halbrund.ch\/index.php\/wp-json\/wp\/v2\/pages"}],"about":[{"href":"https:\/\/halbrundtest.halbrund.ch\/index.php\/wp-json\/wp\/v2\/types\/page"}],"author":[{"embeddable":true,"href":"https:\/\/halbrundtest.halbrund.ch\/index.php\/wp-json\/wp\/v2\/users\/1"}],"replies":[{"embeddable":true,"href":"https:\/\/halbrundtest.halbrund.ch\/index.php\/wp-json\/wp\/v2\/comments?post=1739"}],"version-history":[{"count":36,"href":"https:\/\/halbrundtest.halbrund.ch\/index.php\/wp-json\/wp\/v2\/pages\/1739\/revisions"}],"predecessor-version":[{"id":2709,"href":"https:\/\/halbrundtest.halbrund.ch\/index.php\/wp-json\/wp\/v2\/pages\/1739\/revisions\/2709"}],"wp:attachment":[{"href":"https:\/\/halbrundtest.halbrund.ch\/index.php\/wp-json\/wp\/v2\/media?parent=1739"}],"curies":[{"name":"wp","href":"https:\/\/api.w.org\/{rel}","templated":true}]}}